{"id":275,"date":"2025-09-19T18:06:56","date_gmt":"2025-09-19T18:06:56","guid":{"rendered":"https:\/\/demo.efectovisual.com\/?page_id=275"},"modified":"2025-10-03T17:05:27","modified_gmt":"2025-10-03T17:05:27","slug":"regulaweb-cumplimiento-normativo","status":"publish","type":"page","link":"https:\/\/infonit.com.mx\/site\/regulaweb-cumplimiento-normativo\/","title":{"rendered":"RegulaWeb: Plataforma de Gesti\u00f3n de Cumplimiento Normativo | Infonit"},"content":{"rendered":"\n    \n    <section class=\"u-clearfix u-section-2\" id=\"block-1\">\n      <div class=\"u-clearfix u-image u-shading u-sheet u-valign-middle-lg u-valign-middle-md u-valign-middle-sm u-valign-middle-xs lazyload u-image-1\" data-image-width=\"2280\" data-image-height=\"834\" data-bg=\"linear-gradient(0deg, rgba(0, 0, 0, 0.05), rgba(0, 0, 0, 0.05)), url('https:\/\/infonit.com.mx\/site\/wp-content\/uploads\/2025\/09\/B22.jpg')\"><\/div>\n    <\/section>\n    <section class=\"u-clearfix u-section-3\" id=\"block-6\">\n      <div class=\"u-clearfix u-sheet u-sheet-1\">\n        <h1 class=\"u-text u-text-1\">RegulaWeb: Garantiza el Cumplimiento, Reduce el Riesgo Regulatorio <\/h1>\n      <\/div>\n    <\/section>\n    <section class=\"u-clearfix u-grey-10 u-section-4\" id=\"block-5\">\n      <div class=\"u-clearfix u-sheet u-sheet-1\">\n        <p class=\"u-align-justify u-text u-text-default u-text-1\">Garantiza el cumplimiento Regulatorio de las entidades financieras de M\u00e9xico ante la Comisi\u00f3n nacional bancaria y de valores (CNBV)&nbsp;<br>\n          <br>Nuestra soluci\u00f3n Integra la informaci\u00f3n de los diversos sistemas de las entidades financieras, traduce las operaciones bancarias de acuerdo a los conceptos requeridos por la CNBV y Genera y presenta los reportes regulatorios con las caracter\u00edsticas y formatos solicitados por la propia CNBV \n        <\/p>\n      <\/div>\n    <\/section>\n    <section class=\"u-clearfix u-section-5\" id=\"block-4\">\n      <div class=\"u-clearfix u-sheet u-sheet-1\">\n        <h2 class=\"u-text u-text-default u-text-1\">Tu Soluci\u00f3n Centralizada para el Cumplimiento (Compliance) <\/h2>\n        <p class=\"u-align-justify u-text u-text-default u-text-2\">RegulaWeb te proporciona las herramientas y la visibilidad que necesitas para gestionar las normativas de manera proactiva y eficiente. <\/p>\n        <p class=\"u-align-justify u-text u-text-default u-text-3\"><b>Automatiza el proceso de generaci\u00f3n y calculo de los\nReportes regulatorios<\/b>\n        <\/p>\n        <p class=\"u-align-justify u-text u-text-default u-text-4\"><span style=\"font-weight: 700;\">RegulaWeb<\/span> automatiza los procesos de Integraci\u00f3n de\ninformaci\u00f3n, conversi\u00f3n, calculo y presentaci\u00f3n, de acuerdo a la normativa\nemitida por la CNBV. Evitando errores humanos y&nbsp;\ncumpliendo con las reglas emitidas por la autoridad.&nbsp; &nbsp;\n        <\/p>\n        <p class=\"u-align-justify u-text u-text-default u-text-5\">Reducci\u00f3n Proactiva de Riesgos, Multas y Sanciones <\/p>\n        <p class=\"u-align-justify u-text u-text-default u-text-6\">El costo del incumplimiento puede ser devastador. Nuestra plataforma te ayuda a identificar y mitigar riesgos regulatorios antes de que se materialicen. Asegura un apego estricto a las leyes y normativas aplicables a tu industria, protegiendo a tu empresa de costosas sanciones y preservando su valiosa reputaci\u00f3n en el mercado. <\/p>\n        <p class=\"u-align-justify u-text u-text-default u-text-7\">M\u00e1xima Eficiencia en Procesos de Auditor\u00eda <\/p>\n        <p class=\"u-align-justify u-text u-text-default u-text-8\">Las auditor\u00edas internas y externas pueden ser procesos largos y estresantes. Con RegulaWeb, toda la informaci\u00f3n y evidencia de cumplimiento est\u00e1 organizada, accesible y lista para ser presentada. Responde a las solicitudes de los auditores de manera r\u00e1pida, precisa y con total confianza, reduciendo dr\u00e1sticamente el tiempo y los recursos dedicados a estos procesos. <\/p>\n      <\/div>\n    <\/section>\n    <section class=\"u-clearfix u-section-6\" id=\"block-3\">\n      <div class=\"u-clearfix u-sheet u-sheet-1\">\n        <p class=\"u-align-center u-text u-text-default u-text-1\">\u00bfBuscas simplificar y fortalecer tu estrategia de cumplimiento normativo? <\/p>\n        <a href=\"\" class=\"u-align-center u-btn u-button-style u-hover-palette-1-dark-1 u-palette-1-base u-btn-1\"> Solicita una Demostraci\u00f3n de RegulaWeb<\/a>\n      <\/div>\n    <\/section>\n    <section class=\"u-clearfix u-palette-1-base u-section-7\" id=\"block-2\">\n      <div class=\"u-clearfix u-sheet u-sheet-1\">\n        <p class=\"u-align-justify u-text u-text-default u-text-1\">Dise\u00f1ada para simplificar y automatizar la gesti\u00f3n del cumplimiento normativo, RegulaWeb es tu aliada para navegar el complejo panorama regulatorio. Asegura que tu empresa cumpla con todas las normativas, minimizando multas y sanciones. <\/p>\n        <ul class=\"u-align-justify u-text u-text-default u-text-2\">\n          <li><span style=\"font-weight: 700;\">Beneficio 1: <br>Cumplimiento Normativo Simplificado:<\/span> Centraliza y automatiza la gesti\u00f3n de requisitos regulatorios, garantizando que siempre est\u00e9s al d\u00eda.&nbsp;\n          <\/li>\n          <li><span style=\"font-weight: 700;\">Beneficio 2: <br>Reducci\u00f3n de Riesgos y Multas: <\/span>Evita sanciones y da\u00f1os reputacionales al asegurar el apego a las leyes y normativas aplicables.&nbsp;\n          <\/li>\n          <li><span style=\"font-weight: 700;\">Beneficio 3: <br>Mayor Eficiencia en Auditor\u00edas:<\/span> Prepara y presenta la informaci\u00f3n de cumplimiento de manera r\u00e1pida y precisa, facilitando los procesos de auditor\u00eda.\n          <\/li>\n        <\/ul>\n      <\/div>\n    <\/section>\n    \n    \n    \n  \n","protected":false},"excerpt":{"rendered":"<p>RegulaWeb: Garantiza el Cumplimiento, Reduce el Riesgo Regulatorio Garantiza el cumplimiento Regulatorio de las entidades financieras de M\u00e9xico ante la Comisi\u00f3n nacional bancaria y de valores (CNBV)&nbsp; Nuestra soluci\u00f3n Integra la informaci\u00f3n de los diversos sistemas de las entidades financieras, traduce las operaciones bancarias de acuerdo a los conceptos requeridos por la CNBV y Genera &hellip; <a href=\"https:\/\/infonit.com.mx\/site\/regulaweb-cumplimiento-normativo\/\" class=\"more-link\">Continue reading<span class=\"screen-reader-text\"> \u00abRegulaWeb: Plataforma de Gesti\u00f3n de Cumplimiento Normativo | Infonit\u00bb<\/span><\/a><\/p>\n","protected":false},"author":1,"featured_media":0,"parent":0,"menu_order":0,"comment_status":"closed","ping_status":"closed","template":"","meta":{"footnotes":""},"class_list":["post-275","page","type-page","status-publish","hentry"],"_links":{"self":[{"href":"https:\/\/infonit.com.mx\/site\/wp-json\/wp\/v2\/pages\/275","targetHints":{"allow":["GET"]}}],"collection":[{"href":"https:\/\/infonit.com.mx\/site\/wp-json\/wp\/v2\/pages"}],"about":[{"href":"https:\/\/infonit.com.mx\/site\/wp-json\/wp\/v2\/types\/page"}],"author":[{"embeddable":true,"href":"https:\/\/infonit.com.mx\/site\/wp-json\/wp\/v2\/users\/1"}],"replies":[{"embeddable":true,"href":"https:\/\/infonit.com.mx\/site\/wp-json\/wp\/v2\/comments?post=275"}],"version-history":[{"count":5,"href":"https:\/\/infonit.com.mx\/site\/wp-json\/wp\/v2\/pages\/275\/revisions"}],"predecessor-version":[{"id":396,"href":"https:\/\/infonit.com.mx\/site\/wp-json\/wp\/v2\/pages\/275\/revisions\/396"}],"wp:attachment":[{"href":"https:\/\/infonit.com.mx\/site\/wp-json\/wp\/v2\/media?parent=275"}],"curies":[{"name":"wp","href":"https:\/\/api.w.org\/{rel}","templated":true}]}}