{"id":79,"date":"2025-09-18T22:35:48","date_gmt":"2025-09-18T22:35:48","guid":{"rendered":"https:\/\/demo.efectovisual.com\/consultoria-en-bi\/"},"modified":"2025-10-10T03:54:16","modified_gmt":"2025-10-10T03:54:16","slug":"consultoria-en-bi","status":"publish","type":"page","link":"https:\/\/infonit.com.mx\/site\/consultoria-en-bi\/","title":{"rendered":"Consultoria en BI"},"content":{"rendered":"\n    \n    <section class=\"u-clearfix u-section-2\" id=\"block-20\">\n      <div class=\"u-clearfix u-image u-sheet u-valign-top-lg u-valign-top-md u-valign-top-sm u-valign-top-xs lazyload u-image-1\" data-image-width=\"2280\" data-image-height=\"834\" data-bg=\"url(&quot;https:\/\/infonit.com.mx\/site\/wp-content\/uploads\/2025\/09\/B7-1.jpg&quot;)\"><\/div>\n    <\/section>\n    <section class=\"u-clearfix u-section-3\" id=\"block-26\">\n      <div class=\"u-clearfix u-sheet u-sheet-1\">\n        <h1 class=\"u-text u-text-1\">Consultor\u00eda en Inteligencia de Negocio<\/h1>\n        <h2 class=\"u-text u-text-default u-text-2\">Transforma tus Datos en Ventaja Competitiva<\/h2>\n      <\/div>\n    <\/section>\n    <section class=\"u-clearfix u-shading u-section-4\" id=\"block-21\">\n      <div class=\"u-clearfix u-sheet u-sheet-1\">\n        <h2 class=\"u-align-center u-text u-text-default u-text-1\">\u00bfSabes el poder real de tu informaci\u00f3n?&nbsp;<br>\u00bfLa tienes a tu alcance cuando m\u00e1s<br>la necesitas para tomar decisiones cruciales? \n        <\/h2>\n      <\/div>\n    <\/section>\n    <section class=\"u-clearfix u-section-5\" id=\"block-22\">\n      <div class=\"u-clearfix u-sheet u-sheet-1\">\n        <p class=\"u-align-justify u-text u-text-default u-text-1\">En el din\u00e1mico mundo empresarial de hoy, poseer datos es solo el primer paso. El verdadero desaf\u00edo y la gran oportunidad residen en <span style=\"font-weight: 700;\">interpretar y utilizar esa informaci\u00f3n de manera \u00e1gil y precisa<\/span> para dirigir tu negocio hacia el \u00e9xito. \n        <\/p>\n        <p class=\"u-align-justify u-text u-text-default u-text-2\">Muchos l\u00edderes se enfrentan a la frustraci\u00f3n de tener grandes vol\u00famenes de datos, pero carecer de la claridad o las herramientas adecuadas para extraer valor. La falta de una visi\u00f3n consolidada puede llevar a decisiones basadas en intuici\u00f3n en lugar de insights concretos, frenando el crecimiento y generando oportunidades perdidas<\/p>\n        <p class=\"u-align-justify u-text u-text-default u-text-3\">En <span style=\"font-weight: 700;\">Infonit<\/span>, <span style=\"font-weight: 700;\">somos tus arquitectos estrat\u00e9gicos para la Inteligencia de Negocio<\/span>. Nuestra consultor\u00eda especializada te gu\u00eda para que la informaci\u00f3n no sea un obst\u00e1culo, sino tu m\u00e1xima ventaja competitiva. \n        <\/p>\n      <\/div>\n    <\/section>\n    <section class=\"u-clearfix u-section-6\" id=\"block-23\">\n      <div class=\"u-clearfix u-sheet u-sheet-1\">\n        <h2 class=\"u-text u-text-default u-text-1\">Nuestra Consultor\u00eda BI:<br><span style=\"font-size: 1.875rem;\">Informaci\u00f3n Clave a tu Alcance <\/span>\n        <\/h2>\n        <p class=\"u-text u-text-default u-text-2\">Te ayudamos a <span style=\"font-weight: 700;\">desbloquear el potencial latente en tus datos<\/span> a trav\u00e9s de soluciones personalizadas que te brindan: \n        <\/p>\n        <ul class=\"u-align-justify u-text u-text-default u-text-3\">\n          <li><span style=\"font-weight: 700;\">Informaci\u00f3n a la Palma de tu Mano: <\/span>Dise\u00f1amos sistemas y flujos de trabajo que te permiten acceder a los datos y m\u00e9tricas cr\u00edticas de tu negocio desde cualquier lugar y dispositivo. Olv\u00eddate de buscar reportes o esperar consolidaciones; ten la informaci\u00f3n que necesitas, cuando la necesitas.&nbsp; \n          <\/li>\n          <li><span style=\"font-weight: 700;\">Tableros de Control (Dashboards) Intuitivos y Poderosos:<\/span> Creamos dashboards de control din\u00e1micos, visualmente claros y f\u00e1ciles de interpretar. Estos no son solo gr\u00e1ficos; son herramientas estrat\u00e9gicas que resumen el rendimiento de tu negocio, resaltan tendencias clave y te alertan sobre \u00e1reas de oportunidad o riesgo.&nbsp; \n          <\/li>\n          <li><span style=\"font-weight: 700;\">Soluciones Multiplataforma y de F\u00e1cil Integraci\u00f3n:<\/span> Sabemos que tu ecosistema tecnol\u00f3gico es complejo. Nuestra consultor\u00eda se enfoca en dise\u00f1ar e implementar soluciones de BI que se integran perfectamente con tus sistemas actuales, independientemente de la plataforma. Garantizamos que la informaci\u00f3n fluya de manera coherente y que tus herramientas anal\u00edticas trabajen en armon\u00eda. \n          <\/li>\n        <\/ul>\n      <\/div>\n    <\/section>\n    <section class=\"u-clearfix u-shading u-section-7\" id=\"block-24\">\n      <div class=\"u-clearfix u-sheet u-sheet-1\">\n        <h3 class=\"u-align-center u-text u-text-default u-text-1\">\u00bfEst\u00e1s listo para tomar el control de tus datos<br>y dirigir tu negocio con confianza? \n        <\/h3>\n        <div class=\"u-container-style u-group u-white u-group-1\">\n          <div class=\"u-container-layout u-container-layout-1\">\n            <div class=\"u-shortcode u-shortcode-1\"><div class=\"forminator-ui forminator-custom-form forminator-custom-form-402 forminator-design--material  forminator_ajax\" data-forminator-render=\"0\" data-form=\"forminator-module-402\" data-uid=\"69d048ee876d6\"><br\/><\/div><form\n\t\t\t\tid=\"forminator-module-402\"\n\t\t\t\tclass=\"forminator-ui forminator-custom-form forminator-custom-form-402 forminator-design--material  forminator_ajax\"\n\t\t\t\tmethod=\"post\"\n\t\t\t\tdata-forminator-render=\"0\"\n\t\t\t\tdata-form-id=\"402\"\n\t\t\t\t data-color-option=\"theme\" data-design=\"material\" data-grid=\"open\" style=\"display: none;\"\n\t\t\t\tdata-uid=\"69d048ee876d6\"\n\t\t\t><div role=\"alert\" aria-live=\"polite\" class=\"forminator-response-message forminator-error\" aria-hidden=\"true\"><\/div><div class=\"forminator-row\"><div id=\"name-1\" class=\"forminator-field-name forminator-col forminator-col-12 \"><div class=\"forminator-field\"><label for=\"forminator-field-name-1_69d048ee876d6\" id=\"forminator-field-name-1_69d048ee876d6-label\" class=\"forminator-label\">Nombre <span class=\"forminator-required\">*<\/span><\/label><input type=\"text\" name=\"name-1\" value=\"\" placeholder=\"\" id=\"forminator-field-name-1_69d048ee876d6\" class=\"forminator-input forminator-name--field\" aria-required=\"true\" autocomplete=\"name\" \/><\/div><\/div><\/div><div class=\"forminator-row\"><div id=\"email-1\" class=\"forminator-field-email forminator-col forminator-col-6 \"><div class=\"forminator-field\"><label for=\"forminator-field-email-1_69d048ee876d6\" id=\"forminator-field-email-1_69d048ee876d6-label\" class=\"forminator-label\">Direcci\u00f3n de correo electr\u00f3nico <span class=\"forminator-required\">*<\/span><\/label><input type=\"email\" name=\"email-1\" value=\"\" placeholder=\"\" id=\"forminator-field-email-1_69d048ee876d6\" class=\"forminator-input forminator-email--field\" data-required=\"true\" aria-required=\"true\" autocomplete=\"email\" \/><\/div><\/div><div id=\"phone-1\" class=\"forminator-field-phone forminator-col forminator-col-6 \"><div class=\"forminator-field\"><label for=\"forminator-field-phone-1_69d048ee876d6\" id=\"forminator-field-phone-1_69d048ee876d6-label\" class=\"forminator-label\">N\u00famero de tel\u00e9fono<\/label><input type=\"text\" name=\"phone-1\" value=\"\" placeholder=\"\" id=\"forminator-field-phone-1_69d048ee876d6\" class=\"forminator-input forminator-field--phone\" data-required=\"\" aria-required=\"false\" autocomplete=\"off\" \/><\/div><\/div><\/div><input type=\"hidden\" name=\"referer_url\" value=\"\" \/><div class=\"forminator-row forminator-row-last\"><div class=\"forminator-col\"><div class=\"forminator-field\"><button class=\"forminator-button forminator-button-submit\"><span>Enviar<\/span><span aria-hidden=\"true\"><\/span><\/button><\/div><\/div><\/div><input type=\"hidden\" id=\"forminator_nonce\" name=\"forminator_nonce\" value=\"5bdf2519b5\" \/><input type=\"hidden\" name=\"_wp_http_referer\" value=\"\/site\/wp-json\/wp\/v2\/pages\/79\" \/><input type=\"hidden\" name=\"form_id\" value=\"402\"><input type=\"hidden\" name=\"page_id\" value=\"79\"><input type=\"hidden\" name=\"form_type\" value=\"default\"><input type=\"hidden\" name=\"current_url\" value=\"https:\/\/infonit.com.mx\/site\/consultoria-en-bi\/\"><input type=\"hidden\" name=\"render_id\" value=\"0\"><input type=\"hidden\" name=\"action\" value=\"forminator_submit_form_custom-forms\"><\/form><\/div>\n          <\/div>\n        <\/div>\n      <\/div>\n    <\/section>\n    <section class=\"u-clearfix u-section-8\" id=\"block-25\">\n      <div class=\"u-clearfix u-sheet u-sheet-1\">\n        <h3 class=\"u-text u-text-1\">\u00bfC\u00f3mo la Consultor\u00eda de Infonit Impulsa tu Negocio? <\/h3>\n        <ul class=\"u-align-justify u-text u-text-default u-text-2\">\n          <li><span style=\"font-weight: 700;\">Mejora la Calidad de tus Decisiones: <\/span>Transforma la incertidumbre en confianza con datos fiables y an\u00e1lisis profundos. \n          <\/li>\n          <li><span style=\"font-weight: 700;\">Aumenta la Eficiencia Operativa:<\/span> Optimiza tus procesos al tener una visi\u00f3n clara del rendimiento y la identificaci\u00f3n de cuellos de botella.&nbsp; \n          <\/li>\n          <li><span style=\"font-weight: 700;\">Potencia tu Estrategia Comercial: <\/span>Identifica nuevas oportunidades de mercado, comprende mejor a tus clientes y optimiza tus campa\u00f1as.&nbsp; \n          <\/li>\n          <li><span style=\"font-weight: 700;\">Reduce Costos y Riesgos:<\/span> Anticipa problemas, mejora la gesti\u00f3n de inventarios y optimiza la asignaci\u00f3n de recursos. \n          <\/li>\n        <\/ul>\n      <\/div>\n    <\/section>\n    \n    \n    \n  \n","protected":false},"excerpt":{"rendered":"<p>Consultor\u00eda en Inteligencia de Negocio Transforma tus Datos en Ventaja Competitiva \u00bfSabes el poder real de tu informaci\u00f3n?&nbsp;\u00bfLa tienes a tu alcance cuando m\u00e1sla necesitas para tomar decisiones cruciales? En el din\u00e1mico mundo empresarial de hoy, poseer datos es solo el primer paso. El verdadero desaf\u00edo y la gran oportunidad residen en interpretar y utilizar &hellip; <a href=\"https:\/\/infonit.com.mx\/site\/consultoria-en-bi\/\" class=\"more-link\">Continue reading<span class=\"screen-reader-text\"> \u00abConsultoria en BI\u00bb<\/span><\/a><\/p>\n","protected":false},"author":1,"featured_media":0,"parent":0,"menu_order":3,"comment_status":"closed","ping_status":"closed","template":"","meta":{"footnotes":""},"class_list":["post-79","page","type-page","status-publish","hentry"],"_links":{"self":[{"href":"https:\/\/infonit.com.mx\/site\/wp-json\/wp\/v2\/pages\/79","targetHints":{"allow":["GET"]}}],"collection":[{"href":"https:\/\/infonit.com.mx\/site\/wp-json\/wp\/v2\/pages"}],"about":[{"href":"https:\/\/infonit.com.mx\/site\/wp-json\/wp\/v2\/types\/page"}],"author":[{"embeddable":true,"href":"https:\/\/infonit.com.mx\/site\/wp-json\/wp\/v2\/users\/1"}],"replies":[{"embeddable":true,"href":"https:\/\/infonit.com.mx\/site\/wp-json\/wp\/v2\/comments?post=79"}],"version-history":[{"count":3,"href":"https:\/\/infonit.com.mx\/site\/wp-json\/wp\/v2\/pages\/79\/revisions"}],"predecessor-version":[{"id":408,"href":"https:\/\/infonit.com.mx\/site\/wp-json\/wp\/v2\/pages\/79\/revisions\/408"}],"wp:attachment":[{"href":"https:\/\/infonit.com.mx\/site\/wp-json\/wp\/v2\/media?parent=79"}],"curies":[{"name":"wp","href":"https:\/\/api.w.org\/{rel}","templated":true}]}}