{"id":84,"date":"2025-09-18T22:35:53","date_gmt":"2025-09-18T22:35:53","guid":{"rendered":"https:\/\/demo.efectovisual.com\/implementacion-y-optimizacion\/"},"modified":"2025-10-10T03:53:01","modified_gmt":"2025-10-10T03:53:01","slug":"implementacion-y-optimizacion","status":"publish","type":"page","link":"https:\/\/infonit.com.mx\/site\/implementacion-y-optimizacion\/","title":{"rendered":"Implementacion y Optimizacion"},"content":{"rendered":"\n    \n    <section class=\"u-clearfix u-section-2\" id=\"block-15\">\n      <div class=\"u-clearfix u-image u-preserve-proportions u-sheet u-valign-top-lg u-valign-top-md u-valign-top-sm u-valign-top-xs lazyload u-image-1\" data-image-width=\"2280\" data-image-height=\"834\" data-bg=\"url(&quot;https:\/\/infonit.com.mx\/site\/wp-content\/uploads\/2025\/09\/B4.jpg&quot;)\"><\/div>\n    <\/section>\n    <section class=\"u-clearfix u-section-3\" id=\"block-16\">\n      <div class=\"u-clearfix u-sheet u-valign-top-lg u-valign-top-md u-valign-top-sm u-valign-top-xs u-sheet-1\">\n        <h1 class=\"u-text u-text-1\">Implementaci\u00f3n y Optimizaci\u00f3n de Plataformas BI<\/h1>\n        <img class=\"u-image u-image-contain u-image-default lazyload u-image-1\" alt=\"\" data-image-width=\"4584\" data-image-height=\"1459\" data-src=\"https:\/\/infonit.com.mx\/site\/wp-content\/uploads\/2025\/09\/PyramidLogoRGB-OG-scaled.png\" loading=\"lazy\">\n        <h2 class=\"u-text u-text-2\">Plataforma Pyramid Decision Intelligence:&nbsp;<span style=\"font-size: 1.875rem;\">\n            <br>Transforma tus Datos en Decisiones Estrat\u00e9gicas<\/span>\n        <\/h2>\n      <\/div>\n    <\/section>\n    <section class=\"u-clearfix u-section-4\" id=\"block-17\">\n      <div class=\"u-clearfix u-sheet u-sheet-1\">\n        <p class=\"u-text u-text-default u-text-1\">La Plataforma Pyramid Decision Intelligence es una soluci\u00f3n de vanguardia dise\u00f1ada para potenciar a las organizaciones con capacidades anal\u00edticas avanzadas y una toma de decisiones inteligente. Integra la preparaci\u00f3n de datos, el an\u00e1lisis de negocio y la ciencia de datos en una plataforma sin c\u00f3digo (no-code), ofreciendo una experiencia fluida e intuitiva. Gracias a sus funciones impulsadas por IA, los usuarios pueden acceder, analizar y visualizar datos de m\u00faltiples fuentes, facilitando decisiones m\u00e1s r\u00e1pidas y fundamentadas.<\/p>\n        <p class=\"u-text u-text-default u-text-2\">En Infonit, somos expertos en la implementaci\u00f3n y optimizaci\u00f3n de Pyramid, asegurando que aproveches al m\u00e1ximo su potencial para tu negocio. <\/p>\n      <\/div>\n    <\/section>\n    <section class=\"u-clearfix u-section-5\" id=\"block-18\">\n      <div class=\"u-clearfix u-sheet u-sheet-1\">\n        <h2 class=\"u-text u-text-default u-text-1\">Caracter\u00edsticas Clave de la Plataforma Pyramid: <\/h2>\n        <ul class=\"u-text u-text-default u-text-2\">\n          <li><span style=\"font-weight: 700;\">Facilidad de Uso (Self-service usability):<\/span> Herramientas intuitivas para usuarios de todos los niveles, desde principiantes hasta expertos. Permite a cada miembro de tu equipo obtener las respuestas que necesita sin depender de personal t\u00e9cnico especializado.&nbsp; \n          <\/li>\n          <li><span style=\"font-weight: 700;\">Integraci\u00f3n de IA y Machine Learning:<\/span> M\u00f3dulos avanzados para an\u00e1lisis predictivo y de tendencias. Utiliza la inteligencia artificial para anticipar comportamientos, identificar patrones ocultos y prever resultados futuros.&nbsp; \n          <\/li>\n          <li><span style=\"font-weight: 700;\">Escalabilidad:<\/span> Opciones de despliegue flexibles, incluyendo entornos en la nube, locales (on-premises) y modelos h\u00edbridos. Pyramid se adapta al crecimiento de tu empresa, sin importar su tama\u00f1o o infraestructura actual.&nbsp; \n          <\/li>\n          <li><span style=\"font-weight: 700;\">Rendimiento \u00d3ptimo:<\/span> Motor de consultas ultrarr\u00e1pido para insights en tiempo real y an\u00e1lisis de datos complejos. Obt\u00e9n respuestas inmediatas a tus preguntas m\u00e1s desafiantes, incluso con grandes vol\u00famenes de informaci\u00f3n. \n          <\/li>\n        <\/ul>\n        <h2 class=\"u-text u-text-default u-text-3\">\u00bfC\u00f3mo Pyramid Decision Intelligence Impulsa tu Negocio? <\/h2>\n        <ul class=\"u-text u-text-default u-text-4\">\n          <li><span style=\"font-weight: 700;\">Agiliza la Toma de Decisiones:<\/span> Accede a insights accionables al instante.&nbsp; \n          <\/li>\n          <li><span style=\"font-weight: 700;\">Democratiza los Datos:<\/span> Empodera a todos tus usuarios para explorar y analizar la informaci\u00f3n.&nbsp; \n          <\/li>\n          <li><span style=\"font-weight: 700;\">Maximiza el ROI de tus Datos:<\/span> Transforma la complejidad de tus datos en oportunidades de crecimiento claras. \n          <\/li>\n        <\/ul>\n      <\/div>\n    <\/section>\n    <section class=\"u-clearfix u-shading u-section-6\" id=\"block-19\">\n      <div class=\"u-clearfix u-sheet u-sheet-1\">\n        <h3 class=\"u-align-center u-text u-text-default u-text-1\">\u00bfListo para experimentar el poder de la Inteligencia de Negocio sin c\u00f3digo con Pyramid?<\/h3>\n        <div class=\"u-container-style u-group u-white u-group-1\">\n          <div class=\"u-container-layout u-valign-top-lg u-valign-top-md u-valign-top-sm u-valign-top-xs u-container-layout-1\">\n            <p class=\"u-text u-text-default u-text-2\">Cont\u00e1ctanos para una Consulta de Implementaci\u00f3n<\/p>\n            <div class=\"u-shortcode u-shortcode-1\"><div class=\"forminator-ui forminator-custom-form forminator-custom-form-402 forminator-design--material  forminator_ajax\" data-forminator-render=\"0\" data-form=\"forminator-module-402\" data-uid=\"69d048f645442\"><br\/><\/div><form\n\t\t\t\tid=\"forminator-module-402\"\n\t\t\t\tclass=\"forminator-ui forminator-custom-form forminator-custom-form-402 forminator-design--material  forminator_ajax\"\n\t\t\t\tmethod=\"post\"\n\t\t\t\tdata-forminator-render=\"0\"\n\t\t\t\tdata-form-id=\"402\"\n\t\t\t\t data-color-option=\"theme\" data-design=\"material\" data-grid=\"open\" style=\"display: none;\"\n\t\t\t\tdata-uid=\"69d048f645442\"\n\t\t\t><div role=\"alert\" aria-live=\"polite\" class=\"forminator-response-message forminator-error\" aria-hidden=\"true\"><\/div><div class=\"forminator-row\"><div id=\"name-1\" class=\"forminator-field-name forminator-col forminator-col-12 \"><div class=\"forminator-field\"><label for=\"forminator-field-name-1_69d048f645442\" id=\"forminator-field-name-1_69d048f645442-label\" class=\"forminator-label\">Nombre <span class=\"forminator-required\">*<\/span><\/label><input type=\"text\" name=\"name-1\" value=\"\" placeholder=\"\" id=\"forminator-field-name-1_69d048f645442\" class=\"forminator-input forminator-name--field\" aria-required=\"true\" autocomplete=\"name\" \/><\/div><\/div><\/div><div class=\"forminator-row\"><div id=\"email-1\" class=\"forminator-field-email forminator-col forminator-col-6 \"><div class=\"forminator-field\"><label for=\"forminator-field-email-1_69d048f645442\" id=\"forminator-field-email-1_69d048f645442-label\" class=\"forminator-label\">Direcci\u00f3n de correo electr\u00f3nico <span class=\"forminator-required\">*<\/span><\/label><input type=\"email\" name=\"email-1\" value=\"\" placeholder=\"\" id=\"forminator-field-email-1_69d048f645442\" class=\"forminator-input forminator-email--field\" data-required=\"true\" aria-required=\"true\" autocomplete=\"email\" \/><\/div><\/div><div id=\"phone-1\" class=\"forminator-field-phone forminator-col forminator-col-6 \"><div class=\"forminator-field\"><label for=\"forminator-field-phone-1_69d048f645442\" id=\"forminator-field-phone-1_69d048f645442-label\" class=\"forminator-label\">N\u00famero de tel\u00e9fono<\/label><input type=\"text\" name=\"phone-1\" value=\"\" placeholder=\"\" id=\"forminator-field-phone-1_69d048f645442\" class=\"forminator-input forminator-field--phone\" data-required=\"\" aria-required=\"false\" autocomplete=\"off\" \/><\/div><\/div><\/div><input type=\"hidden\" name=\"referer_url\" value=\"\" \/><div class=\"forminator-row forminator-row-last\"><div class=\"forminator-col\"><div class=\"forminator-field\"><button class=\"forminator-button forminator-button-submit\"><span>Enviar<\/span><span aria-hidden=\"true\"><\/span><\/button><\/div><\/div><\/div><input type=\"hidden\" id=\"forminator_nonce\" name=\"forminator_nonce\" value=\"5bdf2519b5\" \/><input type=\"hidden\" name=\"_wp_http_referer\" value=\"\/site\/wp-json\/wp\/v2\/pages\/84\" \/><input type=\"hidden\" name=\"form_id\" value=\"402\"><input type=\"hidden\" name=\"page_id\" value=\"84\"><input type=\"hidden\" name=\"form_type\" value=\"default\"><input type=\"hidden\" name=\"current_url\" value=\"https:\/\/infonit.com.mx\/site\/implementacion-y-optimizacion\/\"><input type=\"hidden\" name=\"render_id\" value=\"0\"><input type=\"hidden\" name=\"action\" value=\"forminator_submit_form_custom-forms\"><\/form><\/div>\n          <\/div>\n        <\/div>\n      <\/div>\n    <\/section>\n    \n    \n    \n  \n","protected":false},"excerpt":{"rendered":"<p>Implementaci\u00f3n y Optimizaci\u00f3n de Plataformas BI Plataforma Pyramid Decision Intelligence:&nbsp; Transforma tus Datos en Decisiones Estrat\u00e9gicas La Plataforma Pyramid Decision Intelligence es una soluci\u00f3n de vanguardia dise\u00f1ada para potenciar a las organizaciones con capacidades anal\u00edticas avanzadas y una toma de decisiones inteligente. Integra la preparaci\u00f3n de datos, el an\u00e1lisis de negocio y la ciencia de &hellip; <a href=\"https:\/\/infonit.com.mx\/site\/implementacion-y-optimizacion\/\" class=\"more-link\">Continue reading<span class=\"screen-reader-text\"> \u00abImplementacion y Optimizacion\u00bb<\/span><\/a><\/p>\n","protected":false},"author":1,"featured_media":0,"parent":0,"menu_order":8,"comment_status":"closed","ping_status":"closed","template":"","meta":{"footnotes":""},"class_list":["post-84","page","type-page","status-publish","hentry"],"_links":{"self":[{"href":"https:\/\/infonit.com.mx\/site\/wp-json\/wp\/v2\/pages\/84","targetHints":{"allow":["GET"]}}],"collection":[{"href":"https:\/\/infonit.com.mx\/site\/wp-json\/wp\/v2\/pages"}],"about":[{"href":"https:\/\/infonit.com.mx\/site\/wp-json\/wp\/v2\/types\/page"}],"author":[{"embeddable":true,"href":"https:\/\/infonit.com.mx\/site\/wp-json\/wp\/v2\/users\/1"}],"replies":[{"embeddable":true,"href":"https:\/\/infonit.com.mx\/site\/wp-json\/wp\/v2\/comments?post=84"}],"version-history":[{"count":4,"href":"https:\/\/infonit.com.mx\/site\/wp-json\/wp\/v2\/pages\/84\/revisions"}],"predecessor-version":[{"id":407,"href":"https:\/\/infonit.com.mx\/site\/wp-json\/wp\/v2\/pages\/84\/revisions\/407"}],"wp:attachment":[{"href":"https:\/\/infonit.com.mx\/site\/wp-json\/wp\/v2\/media?parent=84"}],"curies":[{"name":"wp","href":"https:\/\/api.w.org\/{rel}","templated":true}]}}