{"id":87,"date":"2025-09-18T22:35:56","date_gmt":"2025-09-18T22:35:56","guid":{"rendered":"https:\/\/demo.efectovisual.com\/contacto\/"},"modified":"2025-10-10T03:47:06","modified_gmt":"2025-10-10T03:47:06","slug":"contacto","status":"publish","type":"page","link":"https:\/\/infonit.com.mx\/site\/contacto\/","title":{"rendered":"Contacto"},"content":{"rendered":"\n    \n    <section class=\"u-clearfix u-section-2\" id=\"block-1\">\n      <div class=\"u-clearfix u-image u-sheet u-valign-top-lg u-valign-top-md u-valign-top-sm u-valign-top-xs lazyload u-image-1\" data-image-width=\"2280\" data-image-height=\"834\" data-bg=\"url(&quot;https:\/\/infonit.com.mx\/site\/wp-content\/uploads\/2025\/09\/B11.jpg&quot;)\"><\/div>\n    <\/section>\n    <section class=\"u-clearfix u-section-3\" id=\"block-2\">\n      <div class=\"u-clearfix u-sheet u-sheet-1\">\n        <h1 class=\"u-text u-text-1\">Hablemos de \u200bTu Proyecto<\/h1>\n        <h3 class=\"u-text u-text-default u-text-2\">Transforma tus Datos en Decisiones Inteligentes<\/h3>\n        <p class=\"u-align-justify u-text u-text-3\">\u00bfEst\u00e1s listo para llevar tu negocio al siguiente nivel con el poder de la Inteligencia de Negocio? \u00bfBuscas optimizar tus operaciones, incrementar tus ventas o mejorar tu servicio al cliente a trav\u00e9s de tus datos? <\/p>\n        <p class=\"u-align-justify u-text u-text-default u-text-4\">En <span style=\"font-weight: 700;\">Infonit<\/span>, estamos aqu\u00ed para ayudarte a convertir tus desaf\u00edos en oportunidades. Creemos que la mejor manera de empezar es una conversaci\u00f3n directa. Queremos entender tus metas, tus puntos d\u00e9biles y tus aspiraciones para poder dise\u00f1ar la estrategia de datos perfecta para ti. \n        <\/p>\n        <p class=\"u-align-center u-text u-text-default u-text-5\">\u00a1Es hora de desbloquear el verdadero potencial de tu informaci\u00f3n! <\/p>\n      <\/div>\n    <\/section>\n    <section class=\"u-clearfix u-gradient u-section-4\" id=\"block-3\">\n      <div class=\"u-clearfix u-sheet u-sheet-1\">\n        <h3 class=\"u-text u-text-default u-text-white u-text-1\">Tu Pr\u00f3ximo Paso Hacia la Inteligencia de Negocio Comienza Aqu\u00ed: <\/h3>\n        <p class=\"u-text u-text-default u-text-white u-text-2\">Facilitamos el contacto para que puedas obtener la ayuda que necesitas de la manera m\u00e1s sencilla. Elige c\u00f3mo prefieres comunicarte con nosotros:<\/p>\n        <p class=\"u-text u-text-default u-text-white u-text-3\">Completa el siguiente formulario para que uno de nuestros especialistas en Inteligencia de Negocio se ponga en contacto contigo a la brevedad. Nos gustar\u00eda saber:<\/p>\n        <div class=\"data-layout-selected u-clearfix u-expanded-width u-layout-wrap u-layout-wrap-1\">\n          <div class=\"u-layout\">\n            <div class=\"u-layout-row\">\n              <div class=\"u-container-style u-layout-cell u-size-30 u-white u-layout-cell-1\">\n                <div class=\"u-container-layout u-valign-bottom-lg u-valign-bottom-md u-valign-bottom-sm u-valign-bottom-xs u-container-layout-1\">\n                  <div class=\"u-shortcode u-shortcode-1\"><div class=\"forminator-ui forminator-custom-form forminator-custom-form-404 forminator-design--material  forminator_ajax\" data-forminator-render=\"0\" data-form=\"forminator-module-404\" data-uid=\"69d048efd6d81\"><br\/><\/div><form\n\t\t\t\tid=\"forminator-module-404\"\n\t\t\t\tclass=\"forminator-ui forminator-custom-form forminator-custom-form-404 forminator-design--material  forminator_ajax\"\n\t\t\t\tmethod=\"post\"\n\t\t\t\tdata-forminator-render=\"0\"\n\t\t\t\tdata-form-id=\"404\"\n\t\t\t\t data-color-option=\"default\" data-design=\"material\" data-grid=\"open\" style=\"display: none;\"\n\t\t\t\tdata-uid=\"69d048efd6d81\"\n\t\t\t><div role=\"alert\" aria-live=\"polite\" class=\"forminator-response-message forminator-error\" aria-hidden=\"true\"><\/div><div class=\"forminator-row\"><div id=\"name-1\" class=\"forminator-field-name forminator-col forminator-col-12 \"><div class=\"forminator-field\"><label for=\"forminator-field-name-1_69d048efd6d81\" id=\"forminator-field-name-1_69d048efd6d81-label\" class=\"forminator-label\">Nombre<\/label><input type=\"text\" name=\"name-1\" value=\"\" placeholder=\"\" id=\"forminator-field-name-1_69d048efd6d81\" class=\"forminator-input forminator-name--field\" aria-required=\"false\" autocomplete=\"name\" \/><\/div><\/div><\/div><div class=\"forminator-row\"><div id=\"text-1\" class=\"forminator-field-text forminator-col forminator-col-12 \"><div class=\"forminator-field\"><label for=\"forminator-field-text-1_69d048efd6d81\" id=\"forminator-field-text-1_69d048efd6d81-label\" class=\"forminator-label\">Empresa<\/label><input type=\"text\" name=\"text-1\" value=\"\" placeholder=\"\" id=\"forminator-field-text-1_69d048efd6d81\" class=\"forminator-input forminator-name--field\" data-required=\"\" \/><\/div><\/div><\/div><div class=\"forminator-row\"><div id=\"phone-1\" class=\"forminator-field-phone forminator-col forminator-col-6 \"><div class=\"forminator-field\"><label for=\"forminator-field-phone-1_69d048efd6d81\" id=\"forminator-field-phone-1_69d048efd6d81-label\" class=\"forminator-label\">Tel\u00e9fono<\/label><input type=\"text\" name=\"phone-1\" value=\"\" placeholder=\"\" id=\"forminator-field-phone-1_69d048efd6d81\" class=\"forminator-input forminator-field--phone\" data-required=\"\" aria-required=\"false\" autocomplete=\"off\" \/><\/div><\/div><div id=\"email-1\" class=\"forminator-field-email forminator-col forminator-col-6 \"><div class=\"forminator-field\"><label for=\"forminator-field-email-1_69d048efd6d81\" id=\"forminator-field-email-1_69d048efd6d81-label\" class=\"forminator-label\">Direcci\u00f3n de correo electr\u00f3nico<\/label><input type=\"email\" name=\"email-1\" value=\"\" placeholder=\"\" id=\"forminator-field-email-1_69d048efd6d81\" class=\"forminator-input forminator-email--field\" data-required=\"\" aria-required=\"false\" autocomplete=\"email\" \/><\/div><\/div><\/div><div class=\"forminator-row\"><div id=\"select-1\" class=\"forminator-field-select forminator-col forminator-col-12 \"><div class=\"forminator-field\"><label for=\"forminator-form-404__field--select-1_69d048efd6d81\" id=\"forminator-form-404__field--select-1_69d048efd6d81-label\" class=\"forminator-label\">Seleccionar<\/label><select  id=\"forminator-form-404__field--select-1_69d048efd6d81\" class=\"forminator-select--field forminator-select2 forminator-select2-multiple\" data-required=\"\" name=\"select-1\" data-default-value=\"\" data-hidden-behavior=\"zero\" data-placeholder=\"\" data-search=\"false\" data-search-placeholder=\"\" data-checkbox=\"false\" data-allow-clear=\"false\" aria-labelledby=\"forminator-form-404__field--select-1_69d048efd6d81-label\"><option value=\"Consultor\u00eda BI\"  data-calculation=\"0\">Consultor\u00eda BI<\/option><option value=\"Informaci\u00f3n sobre Pyramid\"  data-calculation=\"0\">Informaci\u00f3n sobre Pyramid<\/option><option value=\"Demo-de-Soluciones\"  data-calculation=\"0\">Demo de Soluciones<\/option><option value=\"Oportunidad-de-Colaboraci\u00f3n\"  data-calculation=\"0\">Oportunidad de Colaboraci\u00f3n<\/option><option value=\"Otro\"  data-calculation=\"0\">Otro<\/option><\/select><\/div><\/div><\/div><input type=\"hidden\" name=\"referer_url\" value=\"\" \/><div class=\"forminator-row forminator-row-last\"><div class=\"forminator-col\"><div class=\"forminator-field\"><button class=\"forminator-button forminator-button-submit\"><span>Enviar<\/span><span aria-hidden=\"true\"><\/span><\/button><\/div><\/div><\/div><input type=\"hidden\" id=\"forminator_nonce\" name=\"forminator_nonce\" value=\"961eb41213\" \/><input type=\"hidden\" name=\"_wp_http_referer\" value=\"\/site\/wp-json\/wp\/v2\/pages\/87\" \/><input type=\"hidden\" name=\"form_id\" value=\"404\"><input type=\"hidden\" name=\"page_id\" value=\"87\"><input type=\"hidden\" name=\"form_type\" value=\"default\"><input type=\"hidden\" name=\"current_url\" value=\"https:\/\/infonit.com.mx\/site\/contacto\/\"><input type=\"hidden\" name=\"render_id\" value=\"0\"><input type=\"hidden\" name=\"action\" value=\"forminator_submit_form_custom-forms\"><\/form><\/div>\n                <\/div>\n              <\/div>\n              <div class=\"u-container-style u-layout-cell u-size-30 u-white u-layout-cell-2\">\n                <div class=\"u-container-layout u-container-layout-2\">\n                  <p class=\"u-text u-text-default u-text-4\">Cont\u00e1ctanos Directamente:<\/p>\n                  <p class=\"u-text u-text-default u-text-5\">Si prefieres una comunicaci\u00f3n m\u00e1s directa, no dudes en: <\/p>\n                  <p class=\"u-text u-text-default u-text-6\">Escribirnos a: <a href=\"mailto:ventas@infonit.com.mx?subject=Informaci%C3%B3n%20Infonit\" class=\"u-active-none u-border-none u-btn u-button-link u-button-style u-hover-none u-none u-text-palette-1-base u-btn-1\">ventas@infonit.com.mx&nbsp;<\/a>\n                    <br>Llamarnos a:\nQuer\u00e9taro: <a href=\"tel:4422181082&nbsp;\" class=\"u-active-none u-border-none u-btn u-button-link u-button-style u-hover-none u-none u-text-palette-1-base u-btn-2\"> +52 (442) 218 1082.<\/a>&nbsp;<br>\n                    <br>\n                  <\/p>\n                  <p class=\"u-text u-text-default u-text-7\">Encu\u00e9ntranos en Nuestras Oficinas<\/p>\n                  <p class=\"u-text u-text-default u-text-8\"><span style=\"font-weight: 700;\">Oficina Quer\u00e9taro:<\/span>&nbsp;<br> Boulevard de la ciencias 3015, Edificio The Village 409, Santa Fe Juriquilla, Queretaro, Qro, CP 76222<br>\n                    <br>\n                  <\/p>\n                <\/div>\n              <\/div>\n            <\/div>\n          <\/div>\n        <\/div>\n      <\/div>\n    <\/section>\n    \n    \n    \n  \n","protected":false},"excerpt":{"rendered":"<p>Hablemos de \u200bTu Proyecto Transforma tus Datos en Decisiones Inteligentes \u00bfEst\u00e1s listo para llevar tu negocio al siguiente nivel con el poder de la Inteligencia de Negocio? \u00bfBuscas optimizar tus operaciones, incrementar tus ventas o mejorar tu servicio al cliente a trav\u00e9s de tus datos? En Infonit, estamos aqu\u00ed para ayudarte a convertir tus desaf\u00edos &hellip; <a href=\"https:\/\/infonit.com.mx\/site\/contacto\/\" class=\"more-link\">Continue reading<span class=\"screen-reader-text\"> \u00abContacto\u00bb<\/span><\/a><\/p>\n","protected":false},"author":1,"featured_media":0,"parent":0,"menu_order":11,"comment_status":"closed","ping_status":"closed","template":"","meta":{"footnotes":""},"class_list":["post-87","page","type-page","status-publish","hentry"],"_links":{"self":[{"href":"https:\/\/infonit.com.mx\/site\/wp-json\/wp\/v2\/pages\/87","targetHints":{"allow":["GET"]}}],"collection":[{"href":"https:\/\/infonit.com.mx\/site\/wp-json\/wp\/v2\/pages"}],"about":[{"href":"https:\/\/infonit.com.mx\/site\/wp-json\/wp\/v2\/types\/page"}],"author":[{"embeddable":true,"href":"https:\/\/infonit.com.mx\/site\/wp-json\/wp\/v2\/users\/1"}],"replies":[{"embeddable":true,"href":"https:\/\/infonit.com.mx\/site\/wp-json\/wp\/v2\/comments?post=87"}],"version-history":[{"count":5,"href":"https:\/\/infonit.com.mx\/site\/wp-json\/wp\/v2\/pages\/87\/revisions"}],"predecessor-version":[{"id":405,"href":"https:\/\/infonit.com.mx\/site\/wp-json\/wp\/v2\/pages\/87\/revisions\/405"}],"wp:attachment":[{"href":"https:\/\/infonit.com.mx\/site\/wp-json\/wp\/v2\/media?parent=87"}],"curies":[{"name":"wp","href":"https:\/\/api.w.org\/{rel}","templated":true}]}}